{"id":5479,"date":"2024-11-18T14:26:08","date_gmt":"2024-11-18T19:26:08","guid":{"rendered":"https:\/\/www.synergias.co\/syn\/?page_id=5479"},"modified":"2025-05-21T17:24:31","modified_gmt":"2025-05-21T22:24:31","slug":"contacto","status":"publish","type":"page","link":"https:\/\/www.synergias.co\/syn\/contacto\/","title":{"rendered":"Contacto"},"content":{"rendered":"\t\t<div data-elementor-type=\"wp-page\" data-elementor-id=\"5479\" class=\"elementor elementor-5479\" data-elementor-settings=\"[]\">\n\t\t\t\t\t\t<div class=\"elementor-inner\">\n\t\t\t\t\t\t\t<div class=\"elementor-section-wrap\">\n\t\t\t\t\t\t\t<section class=\"elementor-section elementor-top-section elementor-element elementor-element-3ea32b4 elementor-section-full_width elementor-section-stretched elementor-section-height-default elementor-section-height-default\" data-id=\"3ea32b4\" data-element_type=\"section\" data-settings=\"{&quot;stretch_section&quot;:&quot;section-stretched&quot;}\">\n\t\t\t\t\t\t<div class=\"elementor-container elementor-column-gap-no\">\n\t\t\t\t\t\t\t<div class=\"elementor-row\">\n\t\t\t\t\t<div class=\"elementor-column elementor-col-100 elementor-top-column elementor-element elementor-element-343cff7\" data-id=\"343cff7\" data-element_type=\"column\">\n\t\t\t<div class=\"elementor-column-wrap elementor-element-populated\">\n\t\t\t\t\t\t\t<div class=\"elementor-widget-wrap\">\n\t\t\t\t\t\t<div class=\"elementor-element elementor-element-ccfe642 elementor-widget elementor-widget-slider_revolution\" data-id=\"ccfe642\" data-element_type=\"widget\" data-widget_type=\"slider_revolution.default\">\n\t\t\t\t<div class=\"elementor-widget-container\">\n\t\t\t\r\n\t\t<div class=\"wp-block-themepunch-revslider\">\n\t\t\t<!-- START banner contacto REVOLUTION SLIDER 6.6.14 --><p class=\"rs-p-wp-fix\"><\/p>\n\t\t\t<rs-module-wrap id=\"rev_slider_11_1_wrapper\" data-source=\"gallery\" style=\"visibility:hidden;background:transparent;padding:0;margin:0px auto;margin-top:-15px;margin-bottom:0;\">\n\t\t\t\t<rs-module id=\"rev_slider_11_1\" style=\"\" data-version=\"6.6.14\">\n\t\t\t\t\t<rs-slides style=\"overflow: hidden; position: absolute;\">\n\t\t\t\t\t\t<rs-slide style=\"position: absolute;\" data-key=\"rs-14\" data-title=\"Slide\" data-anim=\"ms:1200;r:0;\" data-in=\"o:0;\">\n\t\t\t\t\t\t\t<img decoding=\"async\" src=\"\/\/www.synergias.co\/syn\/wp-content\/plugins\/revslider\/public\/assets\/assets\/dummy.png\" alt=\"Slide\" title=\"contacto\" width=\"1660\" height=\"150\" class=\"rev-slidebg tp-rs-img rs-lazyload\" data-lazyload=\"\/\/www.synergias.co\/syn\/wp-content\/plugins\/revslider\/public\/assets\/assets\/transparent.png\" data-bg=\"c:#ffffff;\" data-no-retina>\n<!--\n\t\t\t\t\t\t\t--><rs-layer\n\t\t\t\t\t\t\t\tid=\"slider-11-slide-14-layer-2\" \n\t\t\t\t\t\t\t\tdata-type=\"text\"\n\t\t\t\t\t\t\t\tdata-color=\"#9e9e9e\"\n\t\t\t\t\t\t\t\tdata-rsp_ch=\"on\"\n\t\t\t\t\t\t\t\tdata-xy=\"xo:1176px,1176px,1176px,301px;yo:80px,80px,80px,30px;\"\n\t\t\t\t\t\t\t\tdata-text=\"w:normal;s:90,90,90,55;l:25,25,25,6;fw:200;\"\n\t\t\t\t\t\t\t\tdata-dim=\"h:auto,auto,auto,39px;\"\n\t\t\t\t\t\t\t\tdata-frame_999=\"o:0;st:w;\"\n\t\t\t\t\t\t\t\tstyle=\"z-index:9;font-family:'Oswald';\"\n\t\t\t\t\t\t\t>Contacto \n\t\t\t\t\t\t\t<\/rs-layer><!--\n\n\t\t\t\t\t\t\t--><rs-layer\n\t\t\t\t\t\t\t\tid=\"slider-11-slide-14-layer-3\" \n\t\t\t\t\t\t\t\tdata-type=\"image\"\n\t\t\t\t\t\t\t\tdata-rsp_ch=\"on\"\n\t\t\t\t\t\t\t\tdata-xy=\"xo:0,0,0,-61px;\"\n\t\t\t\t\t\t\t\tdata-text=\"w:normal;s:20,20,20,5;l:0,0,0,6;\"\n\t\t\t\t\t\t\t\tdata-dim=\"w:802px,802px,802px,374px;h:150px,150px,150px,70px;\"\n\t\t\t\t\t\t\t\tdata-frame_999=\"o:0;st:w;\"\n\t\t\t\t\t\t\t\tstyle=\"z-index:8;\"\n\t\t\t\t\t\t\t><img decoding=\"async\" src=\"\/\/www.synergias.co\/syn\/wp-content\/plugins\/revslider\/public\/assets\/assets\/dummy.png\" alt=\"\" class=\"tp-rs-img rs-lazyload\" width=\"802\" height=\"150\" data-lazyload=\"\/\/www.synergias.co\/syn\/wp-content\/uploads\/2019\/10\/contacto-2.jpg\" data-no-retina> \n\t\t\t\t\t\t\t<\/rs-layer><!--\n-->\t\t\t\t\t\t<\/rs-slide>\n\t\t\t\t\t<\/rs-slides>\n\t\t\t\t\t<rs-static-layers class=\"rs-stl-visible\"><!--\n\n\t\t\t\t\t\t\t--><rs-layer\n\t\t\t\t\t\t\t\tid=\"slider-11-slide-11-layer-1\" \n\t\t\t\t\t\t\t\tclass=\"rs-layer-static\"\n\t\t\t\t\t\t\t\tdata-type=\"image\"\n\t\t\t\t\t\t\t\tdata-rsp_ch=\"on\"\n\t\t\t\t\t\t\t\tdata-xy=\"x:c;\"\n\t\t\t\t\t\t\t\tdata-text=\"l:22;a:inherit;\"\n\t\t\t\t\t\t\t\tdata-dim=\"w:['1660px','1660px','1660px','1660px'];h:['40px','40px','40px','40px'];\"\n\t\t\t\t\t\t\t\tdata-onslides=\"s:1;\"\n\t\t\t\t\t\t\t\tdata-frame_0=\"tp:600;\"\n\t\t\t\t\t\t\t\tdata-frame_1=\"tp:600;\"\n\t\t\t\t\t\t\t\tdata-frame_999=\"o:0;tp:600;st:w;sR:8700;\"\n\t\t\t\t\t\t\t\tstyle=\"z-index:5;\"\n\t\t\t\t\t\t\t><img decoding=\"async\" src=\"\/\/www.synergias.co\/syn\/wp-content\/plugins\/revslider\/public\/assets\/assets\/dummy.png\" alt=\"\" class=\"tp-rs-img rs-lazyload\" width=\"1660\" height=\"40\" data-lazyload=\"\/\/www.synergias.co\/syn\/wp-content\/uploads\/2019\/09\/sombra.png\" data-no-retina> \n\t\t\t\t\t\t\t<\/rs-layer><!--\n\t\t\t\t\t--><\/rs-static-layers>\n\t\t\t\t<\/rs-module>\n\t\t\t\t<script>\n\t\t\t\t\tsetREVStartSize({c: 'rev_slider_11_1',rl:[1660,1660,1660,480],el:[150,150,150,70],gw:[1660,1660,1660,480],gh:[150,150,150,70],type:'standard',justify:'',layout:'fullwidth',mh:\"0\"});if (window.RS_MODULES!==undefined && window.RS_MODULES.modules!==undefined && window.RS_MODULES.modules[\"revslider111\"]!==undefined) {window.RS_MODULES.modules[\"revslider111\"].once = false;window.revapi11 = undefined;if (window.RS_MODULES.checkMinimal!==undefined) window.RS_MODULES.checkMinimal()}\n\t\t\t\t<\/script>\n\t\t\t<\/rs-module-wrap>\n\t\t\t<!-- END REVOLUTION SLIDER -->\n<\/div>\r\n\r\n\t\t\t\t<\/div>\n\t\t\t\t<\/div>\n\t\t\t\t\t\t<\/div>\n\t\t\t\t\t<\/div>\n\t\t<\/div>\n\t\t\t\t\t\t\t\t<\/div>\n\t\t\t\t\t<\/div>\n\t\t<\/section>\n\t\t\t\t<section class=\"elementor-section elementor-top-section elementor-element elementor-element-0d46096 elementor-reverse-mobile elementor-section-boxed elementor-section-height-default elementor-section-height-default\" data-id=\"0d46096\" data-element_type=\"section\">\n\t\t\t\t\t\t<div class=\"elementor-container elementor-column-gap-no\">\n\t\t\t\t\t\t\t<div class=\"elementor-row\">\n\t\t\t\t\t<div class=\"elementor-column elementor-col-50 elementor-top-column elementor-element elementor-element-af75a4a\" data-id=\"af75a4a\" data-element_type=\"column\">\n\t\t\t<div class=\"elementor-column-wrap elementor-element-populated\">\n\t\t\t\t\t\t\t<div class=\"elementor-widget-wrap\">\n\t\t\t\t\t\t<div class=\"elementor-element elementor-element-35b65f9 elementor-widget elementor-widget-text-editor\" data-id=\"35b65f9\" data-element_type=\"widget\" data-widget_type=\"text-editor.default\">\n\t\t\t\t<div class=\"elementor-widget-container\">\n\t\t\t\t\t\t\t\t<div class=\"elementor-text-editor elementor-clearfix\">\n\t\t\t\t<p>D\u00f3nde estamos<\/p>\t\t\t\t\t<\/div>\n\t\t\t\t\t\t<\/div>\n\t\t\t\t<\/div>\n\t\t\t\t<div class=\"elementor-element elementor-element-6afaff3 elementor-widget elementor-widget-text-editor\" data-id=\"6afaff3\" data-element_type=\"widget\" data-widget_type=\"text-editor.default\">\n\t\t\t\t<div class=\"elementor-widget-container\">\n\t\t\t\t\t\t\t\t<div class=\"elementor-text-editor elementor-clearfix\">\n\t\t\t\t<p>Contamos con operaci\u00f3n y cobertura nacional, con oficinas en Bogot\u00e1 y Cali, delegaci\u00f3n en zona Costa y Medell\u00edn.<\/p>\t\t\t\t\t<\/div>\n\t\t\t\t\t\t<\/div>\n\t\t\t\t<\/div>\n\t\t\t\t<div class=\"elementor-element elementor-element-e1f3314 elementor-widget elementor-widget-text-editor\" data-id=\"e1f3314\" data-element_type=\"widget\" data-widget_type=\"text-editor.default\">\n\t\t\t\t<div class=\"elementor-widget-container\">\n\t\t\t\t\t\t\t\t<div class=\"elementor-text-editor elementor-clearfix\">\n\t\t\t\t<p>Bogot\u00e1 DC<\/p>\t\t\t\t\t<\/div>\n\t\t\t\t\t\t<\/div>\n\t\t\t\t<\/div>\n\t\t\t\t<div class=\"elementor-element elementor-element-4c59a13 elementor-widget elementor-widget-text-editor\" data-id=\"4c59a13\" data-element_type=\"widget\" data-widget_type=\"text-editor.default\">\n\t\t\t\t<div class=\"elementor-widget-container\">\n\t\t\t\t\t\t\t\t<div class=\"elementor-text-editor elementor-clearfix\">\n\t\t\t\t<p>T: +571 743 5339 Ext: 2600<\/p>\n<p>Cra. 13 # 96-67, Of. 404 Edificio Akori<\/p>\t\t\t\t\t<\/div>\n\t\t\t\t\t\t<\/div>\n\t\t\t\t<\/div>\n\t\t\t\t<div class=\"elementor-element elementor-element-a95bee8 elementor-widget elementor-widget-text-editor\" data-id=\"a95bee8\" data-element_type=\"widget\" data-widget_type=\"text-editor.default\">\n\t\t\t\t<div class=\"elementor-widget-container\">\n\t\t\t\t\t\t\t\t<div class=\"elementor-text-editor elementor-clearfix\">\n\t\t\t\t<p>Cali<\/p>\t\t\t\t\t<\/div>\n\t\t\t\t\t\t<\/div>\n\t\t\t\t<\/div>\n\t\t\t\t<div class=\"elementor-element elementor-element-acd925c elementor-widget elementor-widget-text-editor\" data-id=\"acd925c\" data-element_type=\"widget\" data-widget_type=\"text-editor.default\">\n\t\t\t\t<div class=\"elementor-widget-container\">\n\t\t\t\t\t\t\t\t<div class=\"elementor-text-editor elementor-clearfix\">\n\t\t\t\t<p>T: +572 485 5885 Ext 2110<\/p><p>Avenida 6\u00aa Bis # 35n \u2013 100 Oficina 509 Centro Empresarial Chipichape \u2013 Cali<\/p>\t\t\t\t\t<\/div>\n\t\t\t\t\t\t<\/div>\n\t\t\t\t<\/div>\n\t\t\t\t\t\t<\/div>\n\t\t\t\t\t<\/div>\n\t\t<\/div>\n\t\t\t\t<div class=\"elementor-column elementor-col-50 elementor-top-column elementor-element elementor-element-e078de8\" data-id=\"e078de8\" data-element_type=\"column\">\n\t\t\t<div class=\"elementor-column-wrap elementor-element-populated\">\n\t\t\t\t\t\t\t<div class=\"elementor-widget-wrap\">\n\t\t\t\t\t\t<div class=\"elementor-element elementor-element-83e8465 elementor-widget elementor-widget-shortcode\" data-id=\"83e8465\" data-element_type=\"widget\" data-widget_type=\"shortcode.default\">\n\t\t\t\t<div class=\"elementor-widget-container\">\n\t\t\t\t\t<div class=\"elementor-shortcode\"><div class=\"frm_forms  with_frm_style frm_style_formidable-style\" id=\"frm_form_1_container\" >\n<form enctype=\"multipart\/form-data\" method=\"post\" class=\"frm-show-form \" id=\"form_contact-form\" >\n<div class=\"frm_form_fields \">\n<fieldset>\n<legend class=\"frm_screen_reader\">Contact Us<\/legend>\r\n\r\n<div class=\"frm_fields_container\">\n<input type=\"hidden\" name=\"frm_action\" value=\"create\" \/>\n<input type=\"hidden\" name=\"form_id\" value=\"1\" \/>\n<input type=\"hidden\" name=\"frm_hide_fields_1\" id=\"frm_hide_fields_1\" value=\"\" \/>\n<input type=\"hidden\" name=\"form_key\" value=\"contact-form\" \/>\n<input type=\"hidden\" name=\"item_meta[0]\" value=\"\" \/>\n<input type=\"hidden\" id=\"frm_submit_entry_1\" name=\"frm_submit_entry_1\" value=\"c9e7d157e7\" \/><input type=\"hidden\" name=\"_wp_http_referer\" value=\"\/syn\/wp-json\/wp\/v2\/pages\/5479\" \/><div id=\"frm_field_1_container\" class=\"frm_form_field form-field  frm_required_field frm_inside_container\">\r\n    <label for=\"field_qh4icy\" id=\"field_qh4icy_label\" class=\"frm_primary_label\">Nombre\r\n        <span class=\"frm_required\">*<\/span>\r\n    <\/label>\r\n    <input type=\"text\" id=\"field_qh4icy\" name=\"item_meta[1]\" value=\"\"  placeholder=\"Nombre\" data-reqmsg=\"Por favor, ingrese la informaci\u00f3n\" aria-required=\"true\" data-invmsg=\"Name is invalid\" aria-invalid=\"false\"  \/>\r\n    \r\n    \r\n<\/div>\n<div id=\"frm_field_2_container\" class=\"frm_form_field form-field  frm_required_field frm_inside_container frm_first frm_half\">\r\n    <label for=\"field_ocfup1\" id=\"field_ocfup1_label\" class=\"frm_primary_label\">Tel\u00e9fono\r\n        <span class=\"frm_required\">*<\/span>\r\n    <\/label>\r\n    <input type=\"text\" id=\"field_ocfup1\" name=\"item_meta[2]\" value=\"\"  placeholder=\"Tel\u00e9fono\" data-reqmsg=\"Por favor, ingrese la informaci\u00f3n\" aria-required=\"true\" data-invmsg=\"Last is invalid\" aria-invalid=\"false\"  \/>\r\n    \r\n    \r\n<\/div>\n<div id=\"frm_field_6_container\" class=\"frm_form_field form-field  frm_required_field frm_inside_container frm_half\">\r\n    <label for=\"field_vh5v3\" id=\"field_vh5v3_label\" class=\"frm_primary_label\">Email\r\n        <span class=\"frm_required\">*<\/span>\r\n    <\/label>\r\n    <input type=\"text\" id=\"field_vh5v3\" name=\"item_meta[6]\" value=\"\"  placeholder=\"Email\" data-reqmsg=\"Por favor, ingrese la informaci\u00f3n\" aria-required=\"true\" data-invmsg=\"Last is invalid\" aria-invalid=\"false\"  \/>\r\n    \r\n    \r\n<\/div>\n<div id=\"frm_field_14_container\" class=\"frm_form_field form-field  frm_required_field frm_inside_container\">\r\n    <label for=\"field_7hs18\" id=\"field_7hs18_label\" class=\"frm_primary_label\">Ciudad\r\n        <span class=\"frm_required\">*<\/span>\r\n    <\/label>\r\n    <input type=\"text\" id=\"field_7hs18\" name=\"item_meta[14]\" value=\"\"  placeholder=\"Ciudad\" data-reqmsg=\"Por favor, ingrese la informaci\u00f3n\" aria-required=\"true\" data-invmsg=\"Last is invalid\" aria-invalid=\"false\"  \/>\r\n    \r\n    \r\n<\/div>\n<div id=\"frm_field_13_container\" class=\"frm_form_field form-field  frm_required_field frm_inline_container frm_first frm_half vertical_radio\">\n    <div  id=\"field_roeps_label\" class=\"frm_primary_label\">\u00bfTienes clave con alguna compa\u00f1\u00eda?\n        <span class=\"frm_required\">*<\/span>\n    <\/div>\n    <div class=\"frm_opt_container\" aria-labelledby=\"field_roeps_label\" role=\"radiogroup\" aria-required=\"true\">\t\t<div class=\"frm_radio\" id=\"frm_radio_13-0\">\t\t\t<label  for=\"field_roeps-0\">\n\t\t\t\t\t<input type=\"radio\" name=\"item_meta[13]\" id=\"field_roeps-0\" value=\"Si tengo clave\"\n\t\t   data-reqmsg=\"Por favor, ingrese la informaci\u00f3n\" data-invmsg=\"\u00bfTienes clave con alguna compa\u00f1\u00eda? no es v\u00e1lido\" aria-invalid=\"false\"  \/> Si tengo clave<\/label><\/div>\n\t\t<div class=\"frm_radio\" id=\"frm_radio_13-1\">\t\t\t<label  for=\"field_roeps-1\">\n\t\t\t\t\t<input type=\"radio\" name=\"item_meta[13]\" id=\"field_roeps-1\" value=\"No tengo clave\"\n\t\t   data-reqmsg=\"Por favor, ingrese la informaci\u00f3n\" data-invmsg=\"\u00bfTienes clave con alguna compa\u00f1\u00eda? no es v\u00e1lido\" aria-invalid=\"false\"  \/> No tengo clave<\/label><\/div>\n<\/div>\n    \n    \n<\/div>\n<div id=\"frm_field_12_container\" class=\"frm_form_field form-field  frm_top_container frm_half\">\n    <label for=\"field_hmzjh\" id=\"field_hmzjh_label\" class=\"frm_primary_label\">Cu\u00e1l\n        <span class=\"frm_required\"><\/span>\n    <\/label>\n    <input type=\"text\" id=\"field_hmzjh\" name=\"item_meta[12]\" value=\"\"  data-invmsg=\"Text is invalid\" aria-invalid=\"false\"  \/>\n    \n    \n<\/div>\n<div id=\"frm_field_16_container\" class=\"frm_form_field form-field  frm_required_field frm_inline_container frm_first frm_half vertical_radio\">\n    <div  id=\"field_aolx6_label\" class=\"frm_primary_label\">\u00bfHa sido referido por alg\u00fan miembro de Synergias?\n        <span class=\"frm_required\">*<\/span>\n    <\/div>\n    <div class=\"frm_opt_container\" aria-labelledby=\"field_aolx6_label\" role=\"radiogroup\" aria-required=\"true\">\t\t<div class=\"frm_radio\" id=\"frm_radio_16-0\">\t\t\t<label  for=\"field_aolx6-0\">\n\t\t\t\t\t<input type=\"radio\" name=\"item_meta[16]\" id=\"field_aolx6-0\" value=\"Si soy referido\"\n\t\tchecked=\"checked\"   data-frmval=\"Si soy referido\" data-reqmsg=\"Por favor, ingrese la informaci\u00f3n\" data-invmsg=\"\u00bfHa sido referido por alg\u00fan miembro de Synergias? no es v\u00e1lido\" aria-invalid=\"false\"  \/> Si soy referido<\/label><\/div>\n\t\t<div class=\"frm_radio\" id=\"frm_radio_16-1\">\t\t\t<label  for=\"field_aolx6-1\">\n\t\t\t\t\t<input type=\"radio\" name=\"item_meta[16]\" id=\"field_aolx6-1\" value=\"No soy referido\"\n\t\t   data-frmval=\"Si soy referido\" data-reqmsg=\"Por favor, ingrese la informaci\u00f3n\" data-invmsg=\"\u00bfHa sido referido por alg\u00fan miembro de Synergias? no es v\u00e1lido\" aria-invalid=\"false\"  \/> No soy referido<\/label><\/div>\n<\/div>\n    \n    \n<\/div>\n<div id=\"frm_field_17_container\" class=\"frm_form_field form-field  frm_top_container frm_half\">\n    <label for=\"field_ocgpv\" id=\"field_ocgpv_label\" class=\"frm_primary_label\">Nombre del contacto en Synergias\n        <span class=\"frm_required\"><\/span>\n    <\/label>\n    <input type=\"text\" id=\"field_ocgpv\" name=\"item_meta[17]\" value=\"\"  data-invmsg=\"Text is invalid\" aria-invalid=\"false\"  \/>\n    \n    \n<\/div>\n<div id=\"frm_field_32_container\" class=\"frm_form_field form-field  frm_required_field frm_top_container vertical_radio\">\n\t<div  id=\"field_n5nps_label\" class=\"frm_primary_label\">Pol\u00edtica de tratamiento de datos\n\t\t<span class=\"frm_required\" aria-hidden=\"true\">*<\/span>\n\t<\/div>\n\t<div class=\"frm_opt_container\" aria-labelledby=\"field_n5nps_label\" role=\"group\">\t\t<div class=\"frm_checkbox\" id=\"frm_checkbox_32-0\">\t\t\t<label  for=\"field_n5nps-0\">\n\t\t\t<input type=\"checkbox\" name=\"item_meta[32][]\" id=\"field_n5nps-0\" value=\"Acepta las pol\u00edticas de tratamiento de datos?\"  data-reqmsg=\"Le solicitamos confirmar su aceptaci\u00f3n de la pol\u00edtica de tratamiento de datos para continuar\" data-invmsg=\"Pol\u00edtica de tratamiento de datos no es v\u00e1lido\" aria-invalid=\"false\"   aria-required=\"true\"  \/> Acepta las pol\u00edticas de tratamiento de datos?<\/label><\/div>\n<\/div>\n\t\n\t\n<\/div>\n<input type=\"hidden\" name=\"item_meta[39]\" id=\"field_e3xrn\" value=\"\" data-frmval=\"\"\/>\n<div id=\"frm_field_31_container\" class=\"frm_form_field form-field \">\n\t<div class=\"frm_submit\">\r\n\r\n<button class=\"frm_button_submit\" type=\"submit\"  >ENVIAR<\/button>\r\n\r\n<\/div>\n<\/div>\n\t<input type=\"hidden\" name=\"item_key\" value=\"\" \/>\n\t\t\t\t<div class=\"frm__671bbcbd7b19f\">\n\t\t\t\t<label for=\"frm_email_1\" >\n\t\t\t\t\tSi eres humano, deja este campo en blanco.\t\t\t\t<\/label>\n\t\t\t\t<input  id=\"frm_email_1\" type=\"text\" class=\"frm_verify\" name=\"frm__671bbcbd7b19f\" value=\"\" autocomplete=\"off\"  \/>\n\t\t\t<\/div>\n\t\t<\/div>\n<\/fieldset>\n<\/div>\n\n<p style=\"display: none !important;\" class=\"akismet-fields-container\" data-prefix=\"ak_\"><label>&#916;<textarea name=\"ak_hp_textarea\" cols=\"45\" rows=\"8\" maxlength=\"100\"><\/textarea><\/label><input type=\"hidden\" id=\"ak_js_1\" name=\"ak_js\" value=\"189\"\/><script>document.getElementById( \"ak_js_1\" ).setAttribute( \"value\", ( new Date() ).getTime() );<\/script><\/p><\/form>\n<\/div>\n<\/div>\n\t\t\t\t<\/div>\n\t\t\t\t<\/div>\n\t\t\t\t\t\t<\/div>\n\t\t\t\t\t<\/div>\n\t\t<\/div>\n\t\t\t\t\t\t\t\t<\/div>\n\t\t\t\t\t<\/div>\n\t\t<\/section>\n\t\t\t\t\t\t<\/div>\n\t\t\t\t\t\t<\/div>\n\t\t\t\t\t<\/div>\n\t\t","protected":false},"excerpt":{"rendered":"<p>D\u00f3nde estamos Contamos con operaci\u00f3n y cobertura nacional, con oficinas en Bogot\u00e1 y Cali, delegaci\u00f3n en zona Costa y Medell\u00edn. Bogot\u00e1 DC T: +571 743 5339 Ext: 2600 Cra. 13 # 96-67, Of. 404 Edificio Akori Cali T: +572 485 &hellip; <a class=\"kt-excerpt-readmore\" href=\"https:\/\/www.synergias.co\/syn\/contacto\/\" aria-label=\"Contacto\">Read More<\/a><\/p>\n","protected":false},"author":1,"featured_media":0,"parent":0,"menu_order":0,"comment_status":"closed","ping_status":"closed","template":"","meta":{"inline_featured_image":false,"footnotes":""},"class_list":["post-5479","page","type-page","status-publish","hentry"],"_links":{"self":[{"href":"https:\/\/www.synergias.co\/syn\/wp-json\/wp\/v2\/pages\/5479","targetHints":{"allow":["GET"]}}],"collection":[{"href":"https:\/\/www.synergias.co\/syn\/wp-json\/wp\/v2\/pages"}],"about":[{"href":"https:\/\/www.synergias.co\/syn\/wp-json\/wp\/v2\/types\/page"}],"author":[{"embeddable":true,"href":"https:\/\/www.synergias.co\/syn\/wp-json\/wp\/v2\/users\/1"}],"replies":[{"embeddable":true,"href":"https:\/\/www.synergias.co\/syn\/wp-json\/wp\/v2\/comments?post=5479"}],"version-history":[{"count":20,"href":"https:\/\/www.synergias.co\/syn\/wp-json\/wp\/v2\/pages\/5479\/revisions"}],"predecessor-version":[{"id":6710,"href":"https:\/\/www.synergias.co\/syn\/wp-json\/wp\/v2\/pages\/5479\/revisions\/6710"}],"wp:attachment":[{"href":"https:\/\/www.synergias.co\/syn\/wp-json\/wp\/v2\/media?parent=5479"}],"curies":[{"name":"wp","href":"https:\/\/api.w.org\/{rel}","templated":true}]}}